{"id":9,"date":"2020-02-18T09:42:52","date_gmt":"2020-02-18T09:42:52","guid":{"rendered":"http:\/\/sy-nilsholgerson.de\/?page_id=9"},"modified":"2021-05-12T11:29:28","modified_gmt":"2021-05-12T10:29:28","slug":"wir","status":"publish","type":"page","link":"https:\/\/sy-nilsholgerson.de\/?page_id=9","title":{"rendered":"Wir"},"content":{"rendered":"\n<p>Wir sind:<\/p>\n\n\n\n<p><\/p>\n\n\n\n<p><img loading=\"lazy\" decoding=\"async\" width=\"400\" height=\"267\" class=\"wp-image-117\" style=\"width: 400px;\" src=\"https:\/\/sy-nilsholgerson.de\/wp-content\/uploads\/2021\/05\/2020-07-31_20-59-43-Sommerurlaub-Ostsee.jpg\" alt=\"\" srcset=\"https:\/\/sy-nilsholgerson.de\/wp-content\/uploads\/2021\/05\/2020-07-31_20-59-43-Sommerurlaub-Ostsee.jpg 640w, https:\/\/sy-nilsholgerson.de\/wp-content\/uploads\/2021\/05\/2020-07-31_20-59-43-Sommerurlaub-Ostsee-300x200.jpg 300w, https:\/\/sy-nilsholgerson.de\/wp-content\/uploads\/2021\/05\/2020-07-31_20-59-43-Sommerurlaub-Ostsee-90x60.jpg 90w\" sizes=\"auto, (max-width: 400px) 100vw, 400px\" \/><\/p>\n\n\n\n<p><strong>J\u00fcrgen<\/strong><\/p>\n\n\n\n<p>Ich wurde 1955 geboren. <\/p>\n\n\n\n<p>Mit dem Segeln habe ich schon w\u00e4hrend des Studiums angefangen und habe dies in den letzten 10 Jahren intensiver betrieben. Beruflich war ich \u00fcber 20 Jahre international in vielen L\u00e4ndern t\u00e4tig. Obwohl oft auch \u00fcber l\u00e4ngere Zeitr\u00e4ume habe ich es immer vermisst die L\u00e4nder intensiver kennenlernen zu k\u00f6nnen.<\/p>\n\n\n\n<p>Jetzt ist die Zeit beides zu machen &#8211; Segeln und L\u00e4nder kennenlernen ohne Zeitdruck. Ich glaube, da\u00df gerade durch diese Form des Reisens viele neue Eindr\u00fccke entstehen k\u00f6nnen.<\/p>\n\n\n\n<p><\/p>\n\n\n\n<p>.<img loading=\"lazy\" decoding=\"async\" width=\"400\" height=\"266\" class=\"wp-image-119\" style=\"width: 400px;\" src=\"https:\/\/sy-nilsholgerson.de\/wp-content\/uploads\/2021\/05\/DSC_0261.jpg\" alt=\"\" srcset=\"https:\/\/sy-nilsholgerson.de\/wp-content\/uploads\/2021\/05\/DSC_0261.jpg 640w, https:\/\/sy-nilsholgerson.de\/wp-content\/uploads\/2021\/05\/DSC_0261-300x200.jpg 300w, https:\/\/sy-nilsholgerson.de\/wp-content\/uploads\/2021\/05\/DSC_0261-90x60.jpg 90w\" sizes=\"auto, (max-width: 400px) 100vw, 400px\" \/><\/p>\n\n\n\n<p><strong>Ulrike <\/strong><\/p>\n","protected":false},"excerpt":{"rendered":"<p>Wir sind: J\u00fcrgen Ich wurde 1955 geboren. Mit dem Segeln habe ich schon w\u00e4hrend des Studiums angefangen und habe dies in den letzten 10 Jahren intensiver betrieben. Beruflich war ich \u00fcber 20 Jahre international in vielen L\u00e4ndern t\u00e4tig. Obwohl oft auch \u00fcber l\u00e4ngere Zeitr\u00e4ume habe ich es immer vermisst die L\u00e4nder intensiver kennenlernen zu k\u00f6nnen. Jetzt ist die Zeit beides<\/p>\n","protected":false},"author":1,"featured_media":0,"parent":0,"menu_order":0,"comment_status":"closed","ping_status":"closed","template":"","meta":{"footnotes":""},"class_list":["post-9","page","type-page","status-publish","hentry"],"_links":{"self":[{"href":"https:\/\/sy-nilsholgerson.de\/index.php?rest_route=\/wp\/v2\/pages\/9","targetHints":{"allow":["GET"]}}],"collection":[{"href":"https:\/\/sy-nilsholgerson.de\/index.php?rest_route=\/wp\/v2\/pages"}],"about":[{"href":"https:\/\/sy-nilsholgerson.de\/index.php?rest_route=\/wp\/v2\/types\/page"}],"author":[{"embeddable":true,"href":"https:\/\/sy-nilsholgerson.de\/index.php?rest_route=\/wp\/v2\/users\/1"}],"replies":[{"embeddable":true,"href":"https:\/\/sy-nilsholgerson.de\/index.php?rest_route=%2Fwp%2Fv2%2Fcomments&post=9"}],"version-history":[{"count":5,"href":"https:\/\/sy-nilsholgerson.de\/index.php?rest_route=\/wp\/v2\/pages\/9\/revisions"}],"predecessor-version":[{"id":120,"href":"https:\/\/sy-nilsholgerson.de\/index.php?rest_route=\/wp\/v2\/pages\/9\/revisions\/120"}],"wp:attachment":[{"href":"https:\/\/sy-nilsholgerson.de\/index.php?rest_route=%2Fwp%2Fv2%2Fmedia&parent=9"}],"curies":[{"name":"wp","href":"https:\/\/api.w.org\/{rel}","templated":true}]}}