{"id":28,"date":"2020-02-18T10:29:06","date_gmt":"2020-02-18T10:29:06","guid":{"rendered":"http:\/\/sy-nilsholgerson.de\/?page_id=28"},"modified":"2021-01-13T16:05:45","modified_gmt":"2021-01-13T15:05:45","slug":"unser-plan-unsere-route","status":"publish","type":"page","link":"https:\/\/sy-nilsholgerson.de\/?page_id=28","title":{"rendered":"Unser Plan, unsere Route"},"content":{"rendered":"\n<p>Unser Plan ist einfach: Nach vielen Jahren segeln in der Ostsee wollen wir unsere freie Zeit nach Ende des Arbeitslebens nutzen und mit unserem Boot auf Langfahrt gehen.<\/p>\n\n\n\n<p>Dabei soll es Richtung S\u00fcden gehen,  das hei\u00dft  Richtung Spanien und Portugal. Aber zun\u00e4chst wollen wir noch Norwegen nachholen. Oslo steht schon l\u00e4nger auf unserer Liste. Danach dann nach Stavanger und durch den Caledonian Canal und die Irische See in Richtung Biscaya.<\/p>\n\n\n\n<p>Danach gibt es die Option Mittelmeer oder weiter \u00fcber die Kanaren in die Karibik. Dies werden wir entscheiden wenn wir in Portugal sind. Bis dahin haben wir gelernt wie es uns gef\u00e4llt auf dem Schiff zu leben. <\/p>\n\n\n\n<p>Zurzeit liegt aber das Mittelmeer in der Planung. Ob aber alle L\u00e4nder angelaufen werden k\u00f6nnen? <\/p>\n\n\n\n<figure class=\"wp-block-image size-large\"><img loading=\"lazy\" decoding=\"async\" width=\"1024\" height=\"621\" src=\"https:\/\/sy-nilsholgerson.de\/wp-content\/uploads\/2021\/01\/grafik-1024x621.png\" alt=\"\" class=\"wp-image-101\" srcset=\"https:\/\/sy-nilsholgerson.de\/wp-content\/uploads\/2021\/01\/grafik-1024x621.png 1024w, https:\/\/sy-nilsholgerson.de\/wp-content\/uploads\/2021\/01\/grafik-300x182.png 300w, https:\/\/sy-nilsholgerson.de\/wp-content\/uploads\/2021\/01\/grafik-768x466.png 768w, https:\/\/sy-nilsholgerson.de\/wp-content\/uploads\/2021\/01\/grafik.png 1244w\" sizes=\"auto, (max-width: 1024px) 100vw, 1024px\" \/><figcaption>Unsere geplante Route<\/figcaption><\/figure>\n\n\n\n<p>Wie lange wir unterwegs sein werden? Haben wir nicht festgelegt &#8211; es kann so vieles passieren. <\/p>\n\n\n\n<p><strong>Wir werden berichten!<\/strong><\/p>\n","protected":false},"excerpt":{"rendered":"<p>Unser Plan ist einfach: Nach vielen Jahren segeln in der Ostsee wollen wir unsere freie Zeit nach Ende des Arbeitslebens nutzen und mit unserem Boot auf Langfahrt gehen. Dabei soll es Richtung S\u00fcden gehen, das hei\u00dft Richtung Spanien und Portugal. Aber zun\u00e4chst wollen wir noch Norwegen nachholen. Oslo steht schon l\u00e4nger auf unserer Liste. Danach dann nach Stavanger und durch<\/p>\n","protected":false},"author":1,"featured_media":0,"parent":0,"menu_order":0,"comment_status":"closed","ping_status":"closed","template":"","meta":{"footnotes":""},"class_list":["post-28","page","type-page","status-publish","hentry"],"_links":{"self":[{"href":"https:\/\/sy-nilsholgerson.de\/index.php?rest_route=\/wp\/v2\/pages\/28","targetHints":{"allow":["GET"]}}],"collection":[{"href":"https:\/\/sy-nilsholgerson.de\/index.php?rest_route=\/wp\/v2\/pages"}],"about":[{"href":"https:\/\/sy-nilsholgerson.de\/index.php?rest_route=\/wp\/v2\/types\/page"}],"author":[{"embeddable":true,"href":"https:\/\/sy-nilsholgerson.de\/index.php?rest_route=\/wp\/v2\/users\/1"}],"replies":[{"embeddable":true,"href":"https:\/\/sy-nilsholgerson.de\/index.php?rest_route=%2Fwp%2Fv2%2Fcomments&post=28"}],"version-history":[{"count":4,"href":"https:\/\/sy-nilsholgerson.de\/index.php?rest_route=\/wp\/v2\/pages\/28\/revisions"}],"predecessor-version":[{"id":102,"href":"https:\/\/sy-nilsholgerson.de\/index.php?rest_route=\/wp\/v2\/pages\/28\/revisions\/102"}],"wp:attachment":[{"href":"https:\/\/sy-nilsholgerson.de\/index.php?rest_route=%2Fwp%2Fv2%2Fmedia&parent=28"}],"curies":[{"name":"wp","href":"https:\/\/api.w.org\/{rel}","templated":true}]}}